{"id":2,"date":"2018-06-29T12:50:06","date_gmt":"2018-06-29T12:50:06","guid":{"rendered":"https:\/\/italoconti.it\/\/?page_id=2"},"modified":"2018-09-24T08:32:48","modified_gmt":"2018-09-24T08:32:48","slug":"psicoterapia-roma","status":"publish","type":"page","link":"https:\/\/italoconti.it\/?page_id=2","title":{"rendered":"Perch\u00e8 questo blog?"},"content":{"rendered":"<p>questo \u00e8 il blog in cui voglio raccontare e discutere, con chi sar\u00e0 interessato, della mia esperienza pluridecennale come\u00a0 psicoterapeuta che ha segu\u00ecto, e modificato e continua a farlo, il metodo detto psicoterapia breve strategica (PBS).<\/p>\n<p>Senza entrare nel dettaglio, la PBS \u00e8 un modello messo a punto in USA nei primi anni &#8217;60 dello scorso secolo, e che ha come obiettivo di contribuire a superare i problemi e disagi nella relazione di una persona con s\u00e9 stessa, con gli altri, e pi\u00f9 generalmente col mondo ( del lavoro, dei valori che costituiscono i riferimenti etici ed operativi di ognuno di noi, eccetera) <strong>in modo concreto ed il pi\u00f9 possibile veloce.<\/strong><\/p>\n<p>Una PBS normalmente si conclude nell&#8217;arco di 10 sedute o meno, cio\u00e8 esclude impegni di anni, come invece avviene tuttora nelle cosiddette terapie classiche.<\/p>\n<p>Quelle, per intenderci, in cui si prevede l&#8217;analisi del passato, anche remoto, di una persona, l&#8217;ipotetica individuazione di &#8220;complessi&#8221; che impediscono una efficace gestione della vita individuale.<\/p>\n<p>Ci\u00f2 richiede che sia portato a termine un processo di autoconoscenza ( seguendo i criteri dell&#8217;orientamento metodologico del terapeuta), ed un lungo e impegnativo, anche dal punto di vista economico, percorso di superamento o integrazione dei &#8220;complessi&#8221;.<\/p>\n<p>Alla fine, una persona dovrebbe riacquisire la propria autonomia e capacit\u00e0 decisionale.<\/p>\n<p>La PBS, invece, parte dall&#8217;ovvio presupposto che se una persona ha un problema, un disagio, che magari persiste da tempo,\u00a0 il motivo \u00e8 legato al fatto che<em> le soluzioni tentate<\/em> (nessuno va in psicoterapia il giorno dopo che ha scoperto di avere un problema, prima prova a risolverlo da solo) <em>non sono state efficaci.<\/em><\/p>\n<p>Questo non significa che il problema sia impossibile da risolvere, ma che serve trovare e provare soluzioni diverse da quelle finora utilizzate.<\/p>\n<p><strong>Quindi, la PBS \u00e8 centrata nel comprendere il tipo di soluzioni messe in atto dal cliente, che non hanno avuto successo, e trovarne e provarne delle altre.<\/strong><\/p>\n<p>Quasi sempre, le soluzioni sono legate ad un metodo, che pu\u00f2 avere una radice logica, di buon senso, ma i problemi emotivi richiedono la conoscenza e l&#8217;uso di una logica <em>emotiva<\/em>. Se usiamo solo la logica razionale, il buon senso, non \u00e8 detto che il problema scompaia.<\/p>\n<p>In altre parole, le soluzioni inefficaci possono derivare dall&#8217;uso di un metodo (in ogni nostra scelta, e nella lettura del mondo, tutti usiamo dei metodi, anche se non li chiamiamo cos\u00ec), che non \u00e8 quello pi\u00f9 adatto.<\/p>\n","protected":false},"excerpt":{"rendered":"<p>questo \u00e8 il blog in cui voglio raccontare e discutere, con chi sar\u00e0 interessato, della mia esperienza pluridecennale come\u00a0 psicoterapeuta che ha segu\u00ecto, e modificato e continua a farlo, il metodo detto psicoterapia breve strategica (PBS). Senza entrare nel dettaglio, la PBS \u00e8 un modello messo a punto in USA nei primi anni &#8217;60 dello &hellip; <\/p>\n<p class=\"link-more\"><a href=\"https:\/\/italoconti.it\/?page_id=2\" class=\"more-link\">Leggi tutto<span class=\"screen-reader-text\"> &#8220;Perch\u00e8 questo blog?&#8221;<\/span><\/a><\/p>\n","protected":false},"author":1,"featured_media":0,"parent":0,"menu_order":0,"comment_status":"open","ping_status":"closed","template":"","meta":{"footnotes":""},"class_list":["post-2","page","type-page","status-publish","hentry"],"_links":{"self":[{"href":"https:\/\/italoconti.it\/index.php?rest_route=\/wp\/v2\/pages\/2","targetHints":{"allow":["GET"]}}],"collection":[{"href":"https:\/\/italoconti.it\/index.php?rest_route=\/wp\/v2\/pages"}],"about":[{"href":"https:\/\/italoconti.it\/index.php?rest_route=\/wp\/v2\/types\/page"}],"author":[{"embeddable":true,"href":"https:\/\/italoconti.it\/index.php?rest_route=\/wp\/v2\/users\/1"}],"replies":[{"embeddable":true,"href":"https:\/\/italoconti.it\/index.php?rest_route=%2Fwp%2Fv2%2Fcomments&post=2"}],"version-history":[{"count":2,"href":"https:\/\/italoconti.it\/index.php?rest_route=\/wp\/v2\/pages\/2\/revisions"}],"predecessor-version":[{"id":75,"href":"https:\/\/italoconti.it\/index.php?rest_route=\/wp\/v2\/pages\/2\/revisions\/75"}],"wp:attachment":[{"href":"https:\/\/italoconti.it\/index.php?rest_route=%2Fwp%2Fv2%2Fmedia&parent=2"}],"curies":[{"name":"wp","href":"https:\/\/api.w.org\/{rel}","templated":true}]}}